{"id":421,"date":"2016-01-13T13:51:23","date_gmt":"2016-01-13T13:51:23","guid":{"rendered":"http:\/\/pflegezentrum-yspertal.at\/wordpress\/?page_id=421"},"modified":"2026-02-19T10:31:23","modified_gmt":"2026-02-19T10:31:23","slug":"hilfreiches","status":"publish","type":"page","link":"https:\/\/pflegezentrum-yspertal.at\/wordpress\/hilfreiches","title":{"rendered":"Hilfreiches"},"content":{"rendered":"<div class=\"gb-container gb-container-b7aaebc2\">\n<div class=\"gb-container gb-container-f2a34a6d\">\n\n<h2 class=\"gb-headline gb-headline-d8fed268 gb-headline-text\">Antragsformulare<\/h2>\n\n\n<div class=\"gb-container gb-container-80d0285d\">\n\n<p><a href=\"https:\/\/pflegezentrum-yspertal.at\/wordpress\/wp-content\/uploads\/2026\/02\/Heimaufnahmeantrag-2.pdf\" target=\"_blank\" rel=\"noreferrer noopener\">Aufnahmeantrag Beilage 1 Antragsformular (PDF)<\/a><\/p>\n\n\n\n<p><a href=\"https:\/\/pflegezentrum-yspertal.at\/wordpress\/wp-content\/uploads\/2022\/01\/Beilage-2-Aerztlicher-Bericht.pdf\" target=\"_blank\" rel=\"noreferrer noopener\">Aufnahmeantrag_Beilage 2 \u00c4rztlicher_Bericht (PDF)<\/a><\/p>\n\n\n\n<p><a href=\"https:\/\/pflegezentrum-yspertal.at\/wordpress\/wp-content\/uploads\/2022\/01\/Beilage-3-Indikationsliste-Aufnahme-Pflegeheim-_-UeP-_-KZP.pdf\" rel=\"\">Aufnahmeantrag_Beilage 3 Indikationsliste (PDF)<\/a><\/p>\n\n\n\n<p><a href=\"https:\/\/pflegezentrum-yspertal.at\/wordpress\/wp-content\/uploads\/2026\/02\/Uebersiedelungswunsch_in_ein_anderes_NOe_Pflegeheim-1.pdf\" target=\"_blank\" rel=\"noreferrer noopener\">\u00dcbersiedlungswunsch in ein anderes Pflegezentrum (PDF)<\/a><\/p>\n\n\n\n<p><a href=\"https:\/\/pflegezentrum-yspertal.at\/wordpress\/wp-content\/uploads\/2016\/01\/pflegegeldantrag_erhoehung.pdf\" target=\"_blank\" rel=\"noreferrer noopener\">Pflegegeldantrag Erh\u00f6hung (PDF)<\/a><\/p>\n\n\n\n<p><a href=\"https:\/\/pflegezentrum-yspertal.at\/wordpress\/wp-content\/uploads\/2016\/01\/rezeptgebuehrenbefreiung.pdf\" target=\"_blank\" rel=\"noreferrer noopener\">Rezeptgebuehrenbefreiung (PDF)<\/a><\/p>\n\n\n\n<p><a href=\"https:\/\/pflegezentrum-yspertal.at\/wordpress\/wp-content\/uploads\/2016\/01\/sozialhilfeantrag.pdf\" target=\"_blank\" rel=\"noreferrer noopener\">Sozialhilfeantrag (PDF)<\/a><\/p>\n\n<\/div>\n<\/div>\n<\/div>\n\n<div class=\"gb-container gb-container-565e64d9\"><\/div>","protected":false},"excerpt":{"rendered":"<p>Antragsformulare Aufnahmeantrag Beilage 1 Antragsformular (PDF) Aufnahmeantrag_Beilage 2 \u00c4rztlicher_Bericht (PDF) Aufnahmeantrag_Beilage 3 Indikationsliste (PDF) \u00dcbersiedlungswunsch in ein anderes Pflegezentrum (PDF) Pflegegeldantrag Erh\u00f6hung (PDF) Rezeptgebuehrenbefreiung (PDF) Sozialhilfeantrag (PDF)<\/p>\n","protected":false},"author":1,"featured_media":0,"parent":0,"menu_order":0,"comment_status":"closed","ping_status":"closed","template":"","meta":{"inline_featured_image":false,"footnotes":""},"class_list":["post-421","page","type-page","status-publish"],"yoast_head":"<!-- This site is optimized with the Yoast SEO plugin v27.5 - https:\/\/yoast.com\/product\/yoast-seo-wordpress\/ -->\n<title>Hilfreiches - Pflegezentrum Yspertal<\/title>\n<meta name=\"robots\" content=\"index, follow, max-snippet:-1, max-image-preview:large, max-video-preview:-1\" \/>\n<link rel=\"canonical\" href=\"https:\/\/pflegezentrum-yspertal.at\/wordpress\/hilfreiches\" \/>\n<meta property=\"og:locale\" content=\"de_DE\" \/>\n<meta property=\"og:type\" content=\"article\" \/>\n<meta property=\"og:title\" content=\"Hilfreiches - Pflegezentrum Yspertal\" \/>\n<meta property=\"og:description\" content=\"Antragsformulare Aufnahmeantrag Beilage 1 Antragsformular (PDF) Aufnahmeantrag_Beilage 2 \u00c4rztlicher_Bericht (PDF) Aufnahmeantrag_Beilage 3 Indikationsliste (PDF) \u00dcbersiedlungswunsch in ein anderes Pflegezentrum (PDF) Pflegegeldantrag Erh\u00f6hung (PDF) Rezeptgebuehrenbefreiung (PDF) Sozialhilfeantrag (PDF)\" \/>\n<meta property=\"og:url\" content=\"https:\/\/pflegezentrum-yspertal.at\/wordpress\/hilfreiches\" \/>\n<meta property=\"og:site_name\" content=\"Pflegezentrum Yspertal\" \/>\n<meta property=\"article:modified_time\" content=\"2026-02-19T10:31:23+00:00\" \/>\n<meta name=\"twitter:card\" content=\"summary_large_image\" \/>\n<meta name=\"twitter:label1\" content=\"Gesch\u00e4tzte Lesezeit\" \/>\n\t<meta name=\"twitter:data1\" content=\"1\u00a0Minute\" \/>\n<script type=\"application\/ld+json\" class=\"yoast-schema-graph\">{\"@context\":\"https:\\\/\\\/schema.org\",\"@graph\":[{\"@type\":\"WebPage\",\"@id\":\"https:\\\/\\\/pflegezentrum-yspertal.at\\\/wordpress\\\/hilfreiches\",\"url\":\"https:\\\/\\\/pflegezentrum-yspertal.at\\\/wordpress\\\/hilfreiches\",\"name\":\"Hilfreiches - Pflegezentrum Yspertal\",\"isPartOf\":{\"@id\":\"https:\\\/\\\/yspertal.netzspinnerei.at\\\/#website\"},\"datePublished\":\"2016-01-13T13:51:23+00:00\",\"dateModified\":\"2026-02-19T10:31:23+00:00\",\"breadcrumb\":{\"@id\":\"https:\\\/\\\/pflegezentrum-yspertal.at\\\/wordpress\\\/hilfreiches#breadcrumb\"},\"inLanguage\":\"de\",\"potentialAction\":[{\"@type\":\"ReadAction\",\"target\":[\"https:\\\/\\\/pflegezentrum-yspertal.at\\\/wordpress\\\/hilfreiches\"]}]},{\"@type\":\"BreadcrumbList\",\"@id\":\"https:\\\/\\\/pflegezentrum-yspertal.at\\\/wordpress\\\/hilfreiches#breadcrumb\",\"itemListElement\":[{\"@type\":\"ListItem\",\"position\":1,\"name\":\"Home\",\"item\":\"https:\\\/\\\/pflegezentrum-yspertal.at\\\/wordpress\\\/\"},{\"@type\":\"ListItem\",\"position\":2,\"name\":\"Hilfreiches\"}]},{\"@type\":\"WebSite\",\"@id\":\"https:\\\/\\\/yspertal.netzspinnerei.at\\\/#website\",\"url\":\"https:\\\/\\\/yspertal.netzspinnerei.at\\\/\",\"name\":\"Pflegezentrum Yspertal\",\"description\":\"\",\"publisher\":{\"@id\":\"https:\\\/\\\/yspertal.netzspinnerei.at\\\/#organization\"},\"potentialAction\":[{\"@type\":\"SearchAction\",\"target\":{\"@type\":\"EntryPoint\",\"urlTemplate\":\"https:\\\/\\\/yspertal.netzspinnerei.at\\\/?s={search_term_string}\"},\"query-input\":{\"@type\":\"PropertyValueSpecification\",\"valueRequired\":true,\"valueName\":\"search_term_string\"}}],\"inLanguage\":\"de\"},{\"@type\":\"Organization\",\"@id\":\"https:\\\/\\\/yspertal.netzspinnerei.at\\\/#organization\",\"name\":\"Pflegezentrum Yspertal\",\"url\":\"https:\\\/\\\/yspertal.netzspinnerei.at\\\/\",\"logo\":{\"@type\":\"ImageObject\",\"inLanguage\":\"de\",\"@id\":\"https:\\\/\\\/yspertal.netzspinnerei.at\\\/#\\\/schema\\\/logo\\\/image\\\/\",\"url\":\"https:\\\/\\\/pflegezentrum-yspertal.at\\\/wordpress\\\/wp-content\\\/uploads\\\/2023\\\/10\\\/Logo-Border.jpg\",\"contentUrl\":\"https:\\\/\\\/pflegezentrum-yspertal.at\\\/wordpress\\\/wp-content\\\/uploads\\\/2023\\\/10\\\/Logo-Border.jpg\",\"width\":787,\"height\":102,\"caption\":\"Pflegezentrum Yspertal\"},\"image\":{\"@id\":\"https:\\\/\\\/yspertal.netzspinnerei.at\\\/#\\\/schema\\\/logo\\\/image\\\/\"}}]}<\/script>\n<!-- \/ Yoast SEO plugin. -->","yoast_head_json":{"title":"Hilfreiches - Pflegezentrum Yspertal","robots":{"index":"index","follow":"follow","max-snippet":"max-snippet:-1","max-image-preview":"max-image-preview:large","max-video-preview":"max-video-preview:-1"},"canonical":"https:\/\/pflegezentrum-yspertal.at\/wordpress\/hilfreiches","og_locale":"de_DE","og_type":"article","og_title":"Hilfreiches - Pflegezentrum Yspertal","og_description":"Antragsformulare Aufnahmeantrag Beilage 1 Antragsformular (PDF) Aufnahmeantrag_Beilage 2 \u00c4rztlicher_Bericht (PDF) Aufnahmeantrag_Beilage 3 Indikationsliste (PDF) \u00dcbersiedlungswunsch in ein anderes Pflegezentrum (PDF) Pflegegeldantrag Erh\u00f6hung (PDF) Rezeptgebuehrenbefreiung (PDF) Sozialhilfeantrag (PDF)","og_url":"https:\/\/pflegezentrum-yspertal.at\/wordpress\/hilfreiches","og_site_name":"Pflegezentrum Yspertal","article_modified_time":"2026-02-19T10:31:23+00:00","twitter_card":"summary_large_image","twitter_misc":{"Gesch\u00e4tzte Lesezeit":"1\u00a0Minute"},"schema":{"@context":"https:\/\/schema.org","@graph":[{"@type":"WebPage","@id":"https:\/\/pflegezentrum-yspertal.at\/wordpress\/hilfreiches","url":"https:\/\/pflegezentrum-yspertal.at\/wordpress\/hilfreiches","name":"Hilfreiches - Pflegezentrum Yspertal","isPartOf":{"@id":"https:\/\/yspertal.netzspinnerei.at\/#website"},"datePublished":"2016-01-13T13:51:23+00:00","dateModified":"2026-02-19T10:31:23+00:00","breadcrumb":{"@id":"https:\/\/pflegezentrum-yspertal.at\/wordpress\/hilfreiches#breadcrumb"},"inLanguage":"de","potentialAction":[{"@type":"ReadAction","target":["https:\/\/pflegezentrum-yspertal.at\/wordpress\/hilfreiches"]}]},{"@type":"BreadcrumbList","@id":"https:\/\/pflegezentrum-yspertal.at\/wordpress\/hilfreiches#breadcrumb","itemListElement":[{"@type":"ListItem","position":1,"name":"Home","item":"https:\/\/pflegezentrum-yspertal.at\/wordpress\/"},{"@type":"ListItem","position":2,"name":"Hilfreiches"}]},{"@type":"WebSite","@id":"https:\/\/yspertal.netzspinnerei.at\/#website","url":"https:\/\/yspertal.netzspinnerei.at\/","name":"Pflegezentrum Yspertal","description":"","publisher":{"@id":"https:\/\/yspertal.netzspinnerei.at\/#organization"},"potentialAction":[{"@type":"SearchAction","target":{"@type":"EntryPoint","urlTemplate":"https:\/\/yspertal.netzspinnerei.at\/?s={search_term_string}"},"query-input":{"@type":"PropertyValueSpecification","valueRequired":true,"valueName":"search_term_string"}}],"inLanguage":"de"},{"@type":"Organization","@id":"https:\/\/yspertal.netzspinnerei.at\/#organization","name":"Pflegezentrum Yspertal","url":"https:\/\/yspertal.netzspinnerei.at\/","logo":{"@type":"ImageObject","inLanguage":"de","@id":"https:\/\/yspertal.netzspinnerei.at\/#\/schema\/logo\/image\/","url":"https:\/\/pflegezentrum-yspertal.at\/wordpress\/wp-content\/uploads\/2023\/10\/Logo-Border.jpg","contentUrl":"https:\/\/pflegezentrum-yspertal.at\/wordpress\/wp-content\/uploads\/2023\/10\/Logo-Border.jpg","width":787,"height":102,"caption":"Pflegezentrum Yspertal"},"image":{"@id":"https:\/\/yspertal.netzspinnerei.at\/#\/schema\/logo\/image\/"}}]}},"_links":{"self":[{"href":"https:\/\/pflegezentrum-yspertal.at\/wordpress\/wp-json\/wp\/v2\/pages\/421","targetHints":{"allow":["GET"]}}],"collection":[{"href":"https:\/\/pflegezentrum-yspertal.at\/wordpress\/wp-json\/wp\/v2\/pages"}],"about":[{"href":"https:\/\/pflegezentrum-yspertal.at\/wordpress\/wp-json\/wp\/v2\/types\/page"}],"author":[{"embeddable":true,"href":"https:\/\/pflegezentrum-yspertal.at\/wordpress\/wp-json\/wp\/v2\/users\/1"}],"replies":[{"embeddable":true,"href":"https:\/\/pflegezentrum-yspertal.at\/wordpress\/wp-json\/wp\/v2\/comments?post=421"}],"version-history":[{"count":59,"href":"https:\/\/pflegezentrum-yspertal.at\/wordpress\/wp-json\/wp\/v2\/pages\/421\/revisions"}],"predecessor-version":[{"id":10053,"href":"https:\/\/pflegezentrum-yspertal.at\/wordpress\/wp-json\/wp\/v2\/pages\/421\/revisions\/10053"}],"wp:attachment":[{"href":"https:\/\/pflegezentrum-yspertal.at\/wordpress\/wp-json\/wp\/v2\/media?parent=421"}],"curies":[{"name":"wp","href":"https:\/\/api.w.org\/{rel}","templated":true}]}}