{"id":413,"date":"2016-01-13T13:08:53","date_gmt":"2016-01-13T13:08:53","guid":{"rendered":"http:\/\/pflegezentrum-yspertal.at\/wordpress\/?page_id=413"},"modified":"2024-03-14T12:49:49","modified_gmt":"2024-03-14T12:49:49","slug":"impressum-2","status":"publish","type":"page","link":"https:\/\/pflegezentrum-yspertal.at\/wordpress\/impressum-2","title":{"rendered":"Impressum"},"content":{"rendered":"\n<p><strong>Offenlegung nach \u00a7 25 Mediengesetz<\/strong><\/p>\n\n\n\n<p>Pflegezentrum Yspertal GmbH<br>Adresse: Altenmarktstra\u00dfe 4<br>Sitz: 3683 Yspertal<br>Telefon: <a href=\"tel:00437415614200\">07415 \/ 61420-0<\/a><br>Fax: <a href=\"tel:00437415614200\">07415 \/ 61420-15<\/a><br>E-Mail: <a title=\"E-Mail Adresse von Pflegezentrum Yspertal\" href=\"mailto:office@pflegezentrum-yspertal.at\">office@pflegezentrum-yspertal.at<\/a><br>Umsatzsteuer-Identifikationsnummer:&nbsp;ATU67477777<br>Firmenbuchnummer: FN 378819 m<br>Gerichtsstand:&nbsp;Landesgericht St. P\u00f6lten<br>Fachgruppe: Altenheime und Pflegeeinrichtungen<br>Beh\u00f6rde gem. ECG (E-Commerce Gesetz):&nbsp;Bezirkshauptmannschaft Melk<\/p>\n\n\n\n<p><strong>Konzept, Design und technische Umsetzung<\/strong>:<\/p>\n\n\n\n<p>Webdesign: <a href=\"http:\/\/www.netzspinnerei.at\" target=\"_blank\" rel=\"noreferrer noopener\">netzspinnerei.at<\/a><\/p>\n\n\n\n<p><strong>Richtung der Website (&#8222;Blattlinie&#8220;):<\/strong><\/p>\n\n\n\n<p>F\u00f6rderung der Ziele des T\u00e4tigkeitsbereiches.<\/p>\n\n\n\n<p><strong>Bildnachweis<\/strong>:<\/p>\n\n\n\n<p>Uschi Wolf Fotografie \/ uschiwolf.at<\/p>\n\n\n\n<p>Pflegezentrum Yspertal<\/p>\n\n\n\n<p><strong>Hinweise und Haftungsausschluss:<\/strong><\/p>\n\n\n\n<p>Im Hinblick auf die technischen Eigenschaften des Internet kann keine Gew\u00e4hr f\u00fcr die Authentizit\u00e4t, Richtigkeit und Vollst\u00e4ndigkeit der im Internet zur Verf\u00fcgung gestellten Informationen \u00fcbernommen werden. Es wird auch keine Gew\u00e4hr f\u00fcr die Verf\u00fcgbarkeit oder den Betrieb der gegenst\u00e4ndlichen Homepage und ihrer Inhalte \u00fcbernommen. Jede Haftung f\u00fcr unmittelbare, mittelbare oder sonstige Sch\u00e4den, unabh\u00e4ngig von deren Ursachen, die aus der Benutzung oder Nichtverf\u00fcgbarkeit der Daten und Informationen dieser Homepage erwachsen wird, soweit rechtlich zul\u00e4ssig, ausgeschlossen. Der Inhalt dieser Homepage ist urheberrechtlich gesch\u00fctzt. Die Informationen sind nur f\u00fcr die pers\u00f6nliche Verwendung bestimmt. Jede weitergehende Nutzung insbesondere die Speicherung in Datenbanken, Vervielf\u00e4ltigung und jede Form von gewerblicher Nutzung sowie die Weitergabe an Dritte \u2013 auch in Teilen oder in \u00fcberarbeiteter Form \u2013 ohne Zustimmung der jeweiligen Organisation ist untersagt.<\/p>\n\n\n\n<p>Seri\u00f6se Hyperlinks auf pflegezentrum-yspertal.at sind willkommen. Jede Einbindung einzelner Seiten unseres Angebotes in fremde Frames ist zu unterlassen. Soweit im Content personenbezogene Bezeichnungen nur in m\u00e4nnlicher Form angef\u00fchrt sind, beziehen sie sich auf Frauen und M\u00e4nner in gleicher Weise.<\/p>\n\n\n\n<h3 class=\"gb-headline gb-headline-d010d7d8 gb-headline-text\" id=\"datenschutz\">Datenschutzerkl\u00e4rung<\/h3>\n\n\n\n<p><strong>Pers\u00f6nliche Daten:<\/strong><\/p>\n\n\n\n<p>Pers\u00f6nliche Daten, die Sie auf dieser&nbsp;Website elektronisch \u00fcbermitteln, werden von uns nur zum jeweils angegebenen Zweck verwendet, sicher verwahrt und nicht an Dritte weitergegeben. Pers\u00f6nliche Daten sind Daten wie zum Beispiel Name oder E-Mail-Adresse oder andere pers\u00f6nlichen Angaben.<\/p>\n\n\n\n<p>Der Provider erhebt und speichert am Webserver automatisch Informationen. Dazu z\u00e4hlen verwendeter Browser, Betriebssystem, Verweisseite, IP-Adresse, Uhrzeit des Zugriffs usw. Diese Daten k\u00f6nnen ohne Pr\u00fcfung weiterer Datenquellen keinen bestimmten Personen zugeordnet werden. Diese Daten werden von uns nur dann ausgewertet, wenn eine rechtswidrige Nutzung unserer Webseite vorliegt.<\/p>\n\n\n\n<p><strong>Formulardaten:<\/strong><\/p>\n\n\n\n<p>Die uns von Webseitenbesuchern \u00fcber Formulare \u00fcbermittelten Daten (z.B. \u00fcber das Kontaktformular) werden ausschlie\u00dflich zur Bearbeitung Ihrer Anfrage verwendet. Wenn Webseitenbesucher Formulareintr\u00e4ge hinterlassen, werden die eingegebenen Daten und ihre IP-Adressen gespeichert. Das erfolgt zur Sicherheit, falls jemand widerrechtliche Inhalte verfasst (Beleidigungen, links- oder rechtsextreme Propaganda, Hass-Postings usw.). In diesem Fall sind wir&nbsp;an der Identit\u00e4t des Verfassers interessiert.<\/p>\n\n\n\n<p><strong>Cookies:<\/strong><\/p>\n\n\n\n<p>Cookies sind kleine Dateien, die es erm\u00f6glichen, w\u00e4hrend dem Besuch unserer Webseite auf dem Computer des Besuchers spezifische, auf den Nutzer bezogene Informationen zu speichern. Cookies helfen einerseits dabei, die Nutzungsh\u00e4ufigkeit und die Anzahl der Nutzer unserer Internetseiten zu ermitteln. Eine M\u00f6glichkeit, die wir nicht aktiv nutzen. Andererseits unterst\u00fctzen Cookies dabei, unsere Angebote f\u00fcr Sie komfortabel und effizient zu gestalten.<\/p>\n\n\n\n<p>Zum Einsatz kommen Session-Cookies, die ausschlie\u00dflich f\u00fcr die Dauer Ihrer Nutzung unserer Website zwischengespeichert werden. Zum anderen werden permanente Cookies eingesetzt, um Informationen \u00fcber Besucher festzuhalten, die wiederholt auf unsere Webseite zugreifen.<\/p>\n\n\n\n<p>Permanente Cookies werden eingesetzt, um eine optimale Benutzerf\u00fchrung anbieten zu k\u00f6nnen, um Besucher wiederzuerkennen und um eine m\u00f6glichst attraktive Website pr\u00e4sentieren zu k\u00f6nnen. Der Inhalt eines permanenten Cookies beschr\u00e4nkt sich auf eine Identifikationsnummer. Name, IP-Adresse usw. werden nicht gespeichert. Eine Einzelprofilbildung \u00fcber Ihr Nutzungsverhalten findet nicht statt.<\/p>\n\n\n\n<p>Eine Nutzung unserer Angebote ist auch ohne Cookies m\u00f6glich. Sie k\u00f6nnen in Ihrem Browser das Speichern von Cookies deaktivieren, auf bestimmte Webseiten beschr\u00e4nken oder Ihren Webbrowser (Chrome, IE, Firefox,\u2026) so einstellen, dass er sie benachrichtigt, sobald ein Cookie gesendet wird. Sie k\u00f6nnen Cookies auch jederzeit von der Festplatte ihres PC l\u00f6schen. Bitte beachten Sie aber, dass bei Deaktivierung von Cookies eine eingeschr\u00e4nkte Darstellung der Seite sowie eine eingeschr\u00e4nkte Benutzerf\u00fchrung die Folge sein k\u00f6nnen.<\/p>\n\n\n\n<p><strong>Google Maps:<\/strong><\/p>\n\n\n\n<p>Diese Webseite verwendet Google Maps f\u00fcr die Darstellung von Karteninformationen. Bei der Nutzung von Google Maps werden von Google Cookies gesetzt. Au\u00dferdem werden von Google Daten \u00fcber die Nutzung der Maps-Funktionen durch Besucher der Webseiten erhoben, verarbeitet und genutzt. N\u00e4here Informationen \u00fcber die Datenverarbeitung durch Google k\u00f6nnen Sie den Datenschutzhinweisen von Google auf&nbsp;<a href=\"https:\/\/www.google.at\/intl\/de\/policies\/privacy\/\" target=\"_blank\" rel=\"noopener\">https:\/\/www.google.at\/intl\/de\/policies\/privacy\/<\/a>&nbsp;&nbsp;entnehmen. Dort k\u00f6nnen Sie im Datenschutzcenter auch Ihre Einstellungen ver\u00e4ndern, so dass Sie Ihre Daten verwalten und sch\u00fctzen k\u00f6nnen.<\/p>\n\n\n\n<p><strong>Google Analytics Datenschutzpolicy:<\/strong><\/p>\n\n\n\n<p>Diese Website benutzt Google Analytics, einen Webanalysedienst der Google Inc. (\u201eGoogle&#8220;). Google Analytics verwendet sog. \u201eCookies&#8220;, Textdateien, die auf Ihrem Computer gespeichert werden und die eine Analyse der Benutzung der Website durch Sie erm\u00f6glichen. Die durch den Cookie erzeugten Informationen \u00fcber Ihre Benutzung dieser Website werden in der Regel an einen Server von Google in den USA \u00fcbertragen und dort gespeichert. Im Falle der Aktivierung der IP-Anonymisierung auf dieser Webseite, wird Ihre IP-Adresse von Google jedoch innerhalb von Mitgliedstaaten der Europ\u00e4ischen Union oder in anderen Vertragsstaaten des Abkommens \u00fcber den Europ\u00e4ischen Wirtschaftsraum zuvor gek\u00fcrzt. Nur in Ausnahmef\u00e4llen wird die volle IP-Adresse an einen Server von Google in den USA \u00fcbertragen und dort gek\u00fcrzt. Im Auftrag des Betreibers dieser Website wird Google diese Informationen benutzen, um Ihre Nutzung der Website auszuwerten, um Reports \u00fcber die Websiteaktivit\u00e4ten zusammenzustellen und um weitere mit der Websitenutzung und der Internetnutzung verbundene Dienstleistungen gegen\u00fcber dem Websitebetreiber zu erbringenDie im Rahmen von Google Analytics von Ihrem Browser \u00fcbermittelte IP-Adresse wird nicht mit anderen Daten von Google zusammengef\u00fchrt. Sie k\u00f6nnen die Speicherung der Cookies durch eine entsprechende Einstellung Ihrer Browser-Software verhindern; wir weisen Sie jedoch darauf hin, dass Sie in diesem Fall gegebenenfalls nicht s\u00e4mtliche Funktionen dieser Website vollumf\u00e4nglich werden nutzen k\u00f6nnen. Sie k\u00f6nnen dar\u00fcber hinaus die Erfassung der durch das Cookie erzeugten und auf Ihre Nutzung der Website bezogenen Daten (inkl. Ihrer IP-Adresse) an Google sowie die Verarbeitung dieser Daten durch Google verhindern, indem sie das unter dem folgenden Link verf\u00fcgbare Browser-Plugin herunterladen und installieren. Der aktuelle Link ist <a href=\"http:\/\/tools.google.com\/dlpage\/gaoptout?hl=de\">http:\/\/tools.google.com\/dlpage\/gaoptout?hl=de<\/a>.<\/p>\n\n\n\n<p><strong>Auskunftsrecht:<\/strong><\/p>\n\n\n\n<p>Sie haben das Recht auf Auskunft \u00fcber die bez\u00fcglich Ihrer Person gespeicherten Daten, deren Herkunft und Empf\u00e4nger sowie den Zweck der Speicherung.<\/p>\n","protected":false},"excerpt":{"rendered":"<p>Offenlegung nach \u00a7 25 Mediengesetz Pflegezentrum Yspertal GmbHAdresse: Altenmarktstra\u00dfe 4Sitz: 3683 YspertalTelefon: 07415 \/ 61420-0Fax: 07415 \/ 61420-15E-Mail: office@pflegezentrum-yspertal.atUmsatzsteuer-Identifikationsnummer:&nbsp;ATU67477777Firmenbuchnummer: FN 378819 mGerichtsstand:&nbsp;Landesgericht St. P\u00f6ltenFachgruppe: Altenheime und PflegeeinrichtungenBeh\u00f6rde gem. ECG (E-Commerce Gesetz):&nbsp;Bezirkshauptmannschaft Melk Konzept, Design und technische Umsetzung: Webdesign: netzspinnerei.at Richtung der Website (&#8222;Blattlinie&#8220;): F\u00f6rderung der Ziele des T\u00e4tigkeitsbereiches. Bildnachweis: Uschi Wolf Fotografie \/ uschiwolf.at Pflegezentrum &#8230; <a title=\"Impressum\" class=\"read-more\" href=\"https:\/\/pflegezentrum-yspertal.at\/wordpress\/impressum-2\" aria-label=\"Mehr Informationen \u00fcber Impressum\">Weiterlesen<\/a><\/p>\n","protected":false},"author":1,"featured_media":0,"parent":0,"menu_order":0,"comment_status":"closed","ping_status":"closed","template":"","meta":{"inline_featured_image":false,"footnotes":""},"class_list":["post-413","page","type-page","status-publish"],"yoast_head":"<!-- This site is optimized with the Yoast SEO plugin v27.3 - https:\/\/yoast.com\/product\/yoast-seo-wordpress\/ -->\n<title>Impressum - Pflegezentrum Yspertal<\/title>\n<meta name=\"robots\" content=\"index, follow, max-snippet:-1, max-image-preview:large, max-video-preview:-1\" \/>\n<link rel=\"canonical\" href=\"https:\/\/pflegezentrum-yspertal.at\/wordpress\/impressum-2\" \/>\n<meta property=\"og:locale\" content=\"de_DE\" \/>\n<meta property=\"og:type\" content=\"article\" \/>\n<meta property=\"og:title\" content=\"Impressum - Pflegezentrum Yspertal\" \/>\n<meta property=\"og:description\" content=\"Offenlegung nach \u00a7 25 Mediengesetz Pflegezentrum Yspertal GmbHAdresse: Altenmarktstra\u00dfe 4Sitz: 3683 YspertalTelefon: 07415 \/ 61420-0Fax: 07415 \/ 61420-15E-Mail: office@pflegezentrum-yspertal.atUmsatzsteuer-Identifikationsnummer:&nbsp;ATU67477777Firmenbuchnummer: FN 378819 mGerichtsstand:&nbsp;Landesgericht St. P\u00f6ltenFachgruppe: Altenheime und PflegeeinrichtungenBeh\u00f6rde gem. ECG (E-Commerce Gesetz):&nbsp;Bezirkshauptmannschaft Melk Konzept, Design und technische Umsetzung: Webdesign: netzspinnerei.at Richtung der Website (&#8222;Blattlinie&#8220;): F\u00f6rderung der Ziele des T\u00e4tigkeitsbereiches. Bildnachweis: Uschi Wolf Fotografie \/ uschiwolf.at Pflegezentrum ... Weiterlesen\" \/>\n<meta property=\"og:url\" content=\"https:\/\/pflegezentrum-yspertal.at\/wordpress\/impressum-2\" \/>\n<meta property=\"og:site_name\" content=\"Pflegezentrum Yspertal\" \/>\n<meta property=\"article:modified_time\" content=\"2024-03-14T12:49:49+00:00\" \/>\n<meta name=\"twitter:card\" content=\"summary_large_image\" \/>\n<meta name=\"twitter:label1\" content=\"Gesch\u00e4tzte Lesezeit\" \/>\n\t<meta name=\"twitter:data1\" content=\"6\u00a0Minuten\" \/>\n<script type=\"application\/ld+json\" class=\"yoast-schema-graph\">{\"@context\":\"https:\\\/\\\/schema.org\",\"@graph\":[{\"@type\":\"WebPage\",\"@id\":\"https:\\\/\\\/pflegezentrum-yspertal.at\\\/wordpress\\\/impressum-2\",\"url\":\"https:\\\/\\\/pflegezentrum-yspertal.at\\\/wordpress\\\/impressum-2\",\"name\":\"Impressum - Pflegezentrum Yspertal\",\"isPartOf\":{\"@id\":\"https:\\\/\\\/yspertal.netzspinnerei.at\\\/#website\"},\"datePublished\":\"2016-01-13T13:08:53+00:00\",\"dateModified\":\"2024-03-14T12:49:49+00:00\",\"breadcrumb\":{\"@id\":\"https:\\\/\\\/pflegezentrum-yspertal.at\\\/wordpress\\\/impressum-2#breadcrumb\"},\"inLanguage\":\"de\",\"potentialAction\":[{\"@type\":\"ReadAction\",\"target\":[\"https:\\\/\\\/pflegezentrum-yspertal.at\\\/wordpress\\\/impressum-2\"]}]},{\"@type\":\"BreadcrumbList\",\"@id\":\"https:\\\/\\\/pflegezentrum-yspertal.at\\\/wordpress\\\/impressum-2#breadcrumb\",\"itemListElement\":[{\"@type\":\"ListItem\",\"position\":1,\"name\":\"Home\",\"item\":\"https:\\\/\\\/pflegezentrum-yspertal.at\\\/wordpress\\\/\"},{\"@type\":\"ListItem\",\"position\":2,\"name\":\"Impressum\"}]},{\"@type\":\"WebSite\",\"@id\":\"https:\\\/\\\/yspertal.netzspinnerei.at\\\/#website\",\"url\":\"https:\\\/\\\/yspertal.netzspinnerei.at\\\/\",\"name\":\"Pflegezentrum Yspertal\",\"description\":\"\",\"publisher\":{\"@id\":\"https:\\\/\\\/yspertal.netzspinnerei.at\\\/#organization\"},\"potentialAction\":[{\"@type\":\"SearchAction\",\"target\":{\"@type\":\"EntryPoint\",\"urlTemplate\":\"https:\\\/\\\/yspertal.netzspinnerei.at\\\/?s={search_term_string}\"},\"query-input\":{\"@type\":\"PropertyValueSpecification\",\"valueRequired\":true,\"valueName\":\"search_term_string\"}}],\"inLanguage\":\"de\"},{\"@type\":\"Organization\",\"@id\":\"https:\\\/\\\/yspertal.netzspinnerei.at\\\/#organization\",\"name\":\"Pflegezentrum Yspertal\",\"url\":\"https:\\\/\\\/yspertal.netzspinnerei.at\\\/\",\"logo\":{\"@type\":\"ImageObject\",\"inLanguage\":\"de\",\"@id\":\"https:\\\/\\\/yspertal.netzspinnerei.at\\\/#\\\/schema\\\/logo\\\/image\\\/\",\"url\":\"https:\\\/\\\/pflegezentrum-yspertal.at\\\/wordpress\\\/wp-content\\\/uploads\\\/2023\\\/10\\\/Logo-Border.jpg\",\"contentUrl\":\"https:\\\/\\\/pflegezentrum-yspertal.at\\\/wordpress\\\/wp-content\\\/uploads\\\/2023\\\/10\\\/Logo-Border.jpg\",\"width\":787,\"height\":102,\"caption\":\"Pflegezentrum Yspertal\"},\"image\":{\"@id\":\"https:\\\/\\\/yspertal.netzspinnerei.at\\\/#\\\/schema\\\/logo\\\/image\\\/\"}}]}<\/script>\n<!-- \/ Yoast SEO plugin. -->","yoast_head_json":{"title":"Impressum - Pflegezentrum Yspertal","robots":{"index":"index","follow":"follow","max-snippet":"max-snippet:-1","max-image-preview":"max-image-preview:large","max-video-preview":"max-video-preview:-1"},"canonical":"https:\/\/pflegezentrum-yspertal.at\/wordpress\/impressum-2","og_locale":"de_DE","og_type":"article","og_title":"Impressum - Pflegezentrum Yspertal","og_description":"Offenlegung nach \u00a7 25 Mediengesetz Pflegezentrum Yspertal GmbHAdresse: Altenmarktstra\u00dfe 4Sitz: 3683 YspertalTelefon: 07415 \/ 61420-0Fax: 07415 \/ 61420-15E-Mail: office@pflegezentrum-yspertal.atUmsatzsteuer-Identifikationsnummer:&nbsp;ATU67477777Firmenbuchnummer: FN 378819 mGerichtsstand:&nbsp;Landesgericht St. P\u00f6ltenFachgruppe: Altenheime und PflegeeinrichtungenBeh\u00f6rde gem. ECG (E-Commerce Gesetz):&nbsp;Bezirkshauptmannschaft Melk Konzept, Design und technische Umsetzung: Webdesign: netzspinnerei.at Richtung der Website (&#8222;Blattlinie&#8220;): F\u00f6rderung der Ziele des T\u00e4tigkeitsbereiches. Bildnachweis: Uschi Wolf Fotografie \/ uschiwolf.at Pflegezentrum ... Weiterlesen","og_url":"https:\/\/pflegezentrum-yspertal.at\/wordpress\/impressum-2","og_site_name":"Pflegezentrum Yspertal","article_modified_time":"2024-03-14T12:49:49+00:00","twitter_card":"summary_large_image","twitter_misc":{"Gesch\u00e4tzte Lesezeit":"6\u00a0Minuten"},"schema":{"@context":"https:\/\/schema.org","@graph":[{"@type":"WebPage","@id":"https:\/\/pflegezentrum-yspertal.at\/wordpress\/impressum-2","url":"https:\/\/pflegezentrum-yspertal.at\/wordpress\/impressum-2","name":"Impressum - Pflegezentrum Yspertal","isPartOf":{"@id":"https:\/\/yspertal.netzspinnerei.at\/#website"},"datePublished":"2016-01-13T13:08:53+00:00","dateModified":"2024-03-14T12:49:49+00:00","breadcrumb":{"@id":"https:\/\/pflegezentrum-yspertal.at\/wordpress\/impressum-2#breadcrumb"},"inLanguage":"de","potentialAction":[{"@type":"ReadAction","target":["https:\/\/pflegezentrum-yspertal.at\/wordpress\/impressum-2"]}]},{"@type":"BreadcrumbList","@id":"https:\/\/pflegezentrum-yspertal.at\/wordpress\/impressum-2#breadcrumb","itemListElement":[{"@type":"ListItem","position":1,"name":"Home","item":"https:\/\/pflegezentrum-yspertal.at\/wordpress\/"},{"@type":"ListItem","position":2,"name":"Impressum"}]},{"@type":"WebSite","@id":"https:\/\/yspertal.netzspinnerei.at\/#website","url":"https:\/\/yspertal.netzspinnerei.at\/","name":"Pflegezentrum Yspertal","description":"","publisher":{"@id":"https:\/\/yspertal.netzspinnerei.at\/#organization"},"potentialAction":[{"@type":"SearchAction","target":{"@type":"EntryPoint","urlTemplate":"https:\/\/yspertal.netzspinnerei.at\/?s={search_term_string}"},"query-input":{"@type":"PropertyValueSpecification","valueRequired":true,"valueName":"search_term_string"}}],"inLanguage":"de"},{"@type":"Organization","@id":"https:\/\/yspertal.netzspinnerei.at\/#organization","name":"Pflegezentrum Yspertal","url":"https:\/\/yspertal.netzspinnerei.at\/","logo":{"@type":"ImageObject","inLanguage":"de","@id":"https:\/\/yspertal.netzspinnerei.at\/#\/schema\/logo\/image\/","url":"https:\/\/pflegezentrum-yspertal.at\/wordpress\/wp-content\/uploads\/2023\/10\/Logo-Border.jpg","contentUrl":"https:\/\/pflegezentrum-yspertal.at\/wordpress\/wp-content\/uploads\/2023\/10\/Logo-Border.jpg","width":787,"height":102,"caption":"Pflegezentrum Yspertal"},"image":{"@id":"https:\/\/yspertal.netzspinnerei.at\/#\/schema\/logo\/image\/"}}]}},"_links":{"self":[{"href":"https:\/\/pflegezentrum-yspertal.at\/wordpress\/wp-json\/wp\/v2\/pages\/413","targetHints":{"allow":["GET"]}}],"collection":[{"href":"https:\/\/pflegezentrum-yspertal.at\/wordpress\/wp-json\/wp\/v2\/pages"}],"about":[{"href":"https:\/\/pflegezentrum-yspertal.at\/wordpress\/wp-json\/wp\/v2\/types\/page"}],"author":[{"embeddable":true,"href":"https:\/\/pflegezentrum-yspertal.at\/wordpress\/wp-json\/wp\/v2\/users\/1"}],"replies":[{"embeddable":true,"href":"https:\/\/pflegezentrum-yspertal.at\/wordpress\/wp-json\/wp\/v2\/comments?post=413"}],"version-history":[{"count":12,"href":"https:\/\/pflegezentrum-yspertal.at\/wordpress\/wp-json\/wp\/v2\/pages\/413\/revisions"}],"predecessor-version":[{"id":8054,"href":"https:\/\/pflegezentrum-yspertal.at\/wordpress\/wp-json\/wp\/v2\/pages\/413\/revisions\/8054"}],"wp:attachment":[{"href":"https:\/\/pflegezentrum-yspertal.at\/wordpress\/wp-json\/wp\/v2\/media?parent=413"}],"curies":[{"name":"wp","href":"https:\/\/api.w.org\/{rel}","templated":true}]}}