{"id":362,"date":"2016-01-05T11:39:47","date_gmt":"2016-01-05T11:39:47","guid":{"rendered":"https:\/\/pflegezentrum-yspertal.at\/wordpress\/?page_id=362"},"modified":"2024-02-23T14:15:25","modified_gmt":"2024-02-23T14:15:25","slug":"pflegemodell","status":"publish","type":"page","link":"https:\/\/pflegezentrum-yspertal.at\/wordpress\/pflegemodell","title":{"rendered":"Pflegemodell"},"content":{"rendered":"<div class=\"gb-container gb-container-457fdc53\">\n\n<p>Die Pflege findet grunds\u00e4tzlich in Anlehnung an das Pflegemodell der f\u00f6rdernden Prozesspflege von Monika Krohwinkel, welches speziell auf die Ressourcen und Gewohnheiten der Bewohnerinnen und Bewohner und ihrer \u00c4ngste und Sorgen eingeht, statt.<\/p>\n\n\n\n<p>Die Biographiearbeit spielt dabei eine wesentliche Rolle und wird gemeinsam von den Mitarbeiterinnen und Mitarbeitern der Pflege und der Seniorenbetreuung mit den Bewohnerinnen und Bewohnern und deren Angeh\u00f6rigen erhoben. Diese Daten werden in der Pflege und Betreuung jedes Einzelnen ber\u00fccksichtigt.<\/p>\n\n\n\n<p>Die Pflege wird nach den Grundlagen des Pflegeprozesses ausgehend von der Anamnese geplant, durchgef\u00fchrt und evaluiert. Der Pflegeprozess ist eine Methode, mit der die Pflege jedes Einzelnen, seinen individuellen Bed\u00fcrfnissen entsprechend und unter Miteinbeziehung seiner Ressourcen, systematisch, im Sinne der ganzheitlichen Pflege, geplant durchgef\u00fchrt werden kann und das Ziel der Lebensqualit\u00e4t nicht au\u00dfer Acht l\u00e4sst. Dazu sind im Zusammenhang mit E-Qalin\u00ae (<em>Verlinkung zu \u201eZertifizierungen<\/em>) eigene Qualit\u00e4tskriterien definiert, die auch die Grundlage f\u00fcr das NQZ (<em>Verlinkung zu \u201eZertifizierungen)<\/em> bilden.<\/p>\n\n\n\n<p>Der Pflegeprozess stellt eine wichtige Grundlage f\u00fcr professionelle Pflege dar. Ein weiterer wichtiger Aspekt ist die Nachvollziehbarkeit der Pflege- und Betreuungsma\u00dfnahmen. Die Dokumentation des gesamten Prozesses wird mit dem EDV-System TransDok durchgef\u00fchrt.<\/p>\n\n\n\n<p>Das Pflegesystem ist in Form einer Gruppenpflege organisiert.<\/p>\n\n\n\n<p>Regelm\u00e4\u00dfig finden interdisziplin\u00e4re Fallbesprechungen statt. Weiters bedarf es der engen Zusammenarbeit zwischen Pflege und Seniorenbetreuung, da jede Berufsgruppe einen wertvollen Aspekt bei der Betreuung der Bewohnerinnen und Bewohner beisteuert.<\/p>\n\n\n\n<p>Neben den regelm\u00e4\u00dfigen Visiten mit den betreuenden Haus\u00e4rztinnen und Haus\u00e4rzten werden regelm\u00e4\u00dfig fach\u00e4rztliche neurologische\/psychiatrische Visiten mit der Fach\u00e4rztin, dem Facharzt und dem Pflege- und Betreuungsmanagement gemeinsam durchgef\u00fchrt. Einmal w\u00f6chentlich verschafft sich das Pflege- und Betreuungsmanagement bei einem pers\u00f6nlichen Besuch einen \u00dcberblick \u00fcber jede Bewohnerin und jeden Bewohner samt zugeh\u00f6riger Dokumentation der Eindr\u00fccke im TransDok.<\/p>\n\n\n\n<p>Pflegepersonal und Seniorenbetreuung unterst\u00fctzen sich gegenseitig und teilen die Betreuung je nach Ressourcen untereinander auf. Dies tr\u00e4gt zu einem guten Arbeitsklima bei und wirkt sich wiederum positiv auf die Bewohnerinnen und Bewohner aus.<\/p>\n\n\n\n<p>Krohwinkel nennt die 13 ABEDL`S, die untereinander in Wechselbeziehung stehen, aber keiner Hierarchie unterliegen. Um den Menschen ganzheitlich zu sehen, muss neben der jeweils einzelnen Betrachtung jedes ABEDL`S auch ihre Auswirkung auf die anderen Bereiche ber\u00fccksichtigt werden.<\/p>\n\n\n\n<p>Die Pflege und Betreuung in unserer Einrichtung ist gepr\u00e4gt von der Achtung des Menschen als eigenst\u00e4ndige und eigenverantwortliche Pers\u00f6nlichkeit und dessen Selbstbestimmtheit. Der Mensch mit seiner Geschichte und seinen Bed\u00fcrfnissen ist f\u00fcr uns der Ausgangspunkt aller gesetzten Ma\u00dfnahmen.<\/p>\n\n<\/div>","protected":false},"excerpt":{"rendered":"<p>Die Pflege findet grunds\u00e4tzlich in Anlehnung an das Pflegemodell der f\u00f6rdernden Prozesspflege von Monika Krohwinkel, welches speziell auf die Ressourcen und Gewohnheiten der Bewohnerinnen und Bewohner und ihrer \u00c4ngste und Sorgen eingeht, statt. Die Biographiearbeit spielt dabei eine wesentliche Rolle und wird gemeinsam von den Mitarbeiterinnen und Mitarbeitern der Pflege und der Seniorenbetreuung mit den &#8230; <a title=\"Pflegemodell\" class=\"read-more\" href=\"https:\/\/pflegezentrum-yspertal.at\/wordpress\/pflegemodell\" aria-label=\"Mehr Informationen \u00fcber Pflegemodell\">Weiterlesen<\/a><\/p>\n","protected":false},"author":1,"featured_media":7543,"parent":0,"menu_order":0,"comment_status":"closed","ping_status":"closed","template":"","meta":{"inline_featured_image":false,"footnotes":""},"class_list":["post-362","page","type-page","status-publish","has-post-thumbnail"],"yoast_head":"<!-- This site is optimized with the Yoast SEO plugin v27.2 - https:\/\/yoast.com\/product\/yoast-seo-wordpress\/ -->\n<title>Pflegemodell - Pflegezentrum Yspertal<\/title>\n<meta name=\"robots\" content=\"index, follow, max-snippet:-1, max-image-preview:large, max-video-preview:-1\" \/>\n<link rel=\"canonical\" href=\"https:\/\/pflegezentrum-yspertal.at\/wordpress\/pflegemodell\" \/>\n<meta property=\"og:locale\" content=\"de_DE\" \/>\n<meta property=\"og:type\" content=\"article\" \/>\n<meta property=\"og:title\" content=\"Pflegemodell - Pflegezentrum Yspertal\" \/>\n<meta property=\"og:description\" content=\"Die Pflege findet grunds\u00e4tzlich in Anlehnung an das Pflegemodell der f\u00f6rdernden Prozesspflege von Monika Krohwinkel, welches speziell auf die Ressourcen und Gewohnheiten der Bewohnerinnen und Bewohner und ihrer \u00c4ngste und Sorgen eingeht, statt. Die Biographiearbeit spielt dabei eine wesentliche Rolle und wird gemeinsam von den Mitarbeiterinnen und Mitarbeitern der Pflege und der Seniorenbetreuung mit den ... Weiterlesen\" \/>\n<meta property=\"og:url\" content=\"https:\/\/pflegezentrum-yspertal.at\/wordpress\/pflegemodell\" \/>\n<meta property=\"og:site_name\" content=\"Pflegezentrum Yspertal\" \/>\n<meta property=\"article:modified_time\" content=\"2024-02-23T14:15:25+00:00\" \/>\n<meta property=\"og:image\" content=\"https:\/\/pflegezentrum-yspertal.at\/wordpress\/wp-content\/uploads\/2024\/01\/Eindrucke_PBM-min_1_50-scaled.webp\" \/>\n\t<meta property=\"og:image:width\" content=\"2560\" \/>\n\t<meta property=\"og:image:height\" content=\"1707\" \/>\n\t<meta property=\"og:image:type\" content=\"image\/webp\" \/>\n<meta name=\"twitter:card\" content=\"summary_large_image\" \/>\n<meta name=\"twitter:label1\" content=\"Gesch\u00e4tzte Lesezeit\" \/>\n\t<meta name=\"twitter:data1\" content=\"3\u00a0Minuten\" \/>\n<script type=\"application\/ld+json\" class=\"yoast-schema-graph\">{\"@context\":\"https:\/\/schema.org\",\"@graph\":[{\"@type\":\"WebPage\",\"@id\":\"https:\/\/pflegezentrum-yspertal.at\/wordpress\/pflegemodell\",\"url\":\"https:\/\/pflegezentrum-yspertal.at\/wordpress\/pflegemodell\",\"name\":\"Pflegemodell - Pflegezentrum Yspertal\",\"isPartOf\":{\"@id\":\"https:\/\/yspertal.netzspinnerei.at\/#website\"},\"primaryImageOfPage\":{\"@id\":\"https:\/\/pflegezentrum-yspertal.at\/wordpress\/pflegemodell#primaryimage\"},\"image\":{\"@id\":\"https:\/\/pflegezentrum-yspertal.at\/wordpress\/pflegemodell#primaryimage\"},\"thumbnailUrl\":\"https:\/\/pflegezentrum-yspertal.at\/wordpress\/wp-content\/uploads\/2024\/01\/Eindrucke_PBM-min_1_50-scaled.webp\",\"datePublished\":\"2016-01-05T11:39:47+00:00\",\"dateModified\":\"2024-02-23T14:15:25+00:00\",\"breadcrumb\":{\"@id\":\"https:\/\/pflegezentrum-yspertal.at\/wordpress\/pflegemodell#breadcrumb\"},\"inLanguage\":\"de\",\"potentialAction\":[{\"@type\":\"ReadAction\",\"target\":[\"https:\/\/pflegezentrum-yspertal.at\/wordpress\/pflegemodell\"]}]},{\"@type\":\"ImageObject\",\"inLanguage\":\"de\",\"@id\":\"https:\/\/pflegezentrum-yspertal.at\/wordpress\/pflegemodell#primaryimage\",\"url\":\"https:\/\/pflegezentrum-yspertal.at\/wordpress\/wp-content\/uploads\/2024\/01\/Eindrucke_PBM-min_1_50-scaled.webp\",\"contentUrl\":\"https:\/\/pflegezentrum-yspertal.at\/wordpress\/wp-content\/uploads\/2024\/01\/Eindrucke_PBM-min_1_50-scaled.webp\",\"width\":2560,\"height\":1707},{\"@type\":\"BreadcrumbList\",\"@id\":\"https:\/\/pflegezentrum-yspertal.at\/wordpress\/pflegemodell#breadcrumb\",\"itemListElement\":[{\"@type\":\"ListItem\",\"position\":1,\"name\":\"Home\",\"item\":\"https:\/\/pflegezentrum-yspertal.at\/wordpress\/\"},{\"@type\":\"ListItem\",\"position\":2,\"name\":\"Pflegemodell\"}]},{\"@type\":\"WebSite\",\"@id\":\"https:\/\/yspertal.netzspinnerei.at\/#website\",\"url\":\"https:\/\/yspertal.netzspinnerei.at\/\",\"name\":\"Pflegezentrum Yspertal\",\"description\":\"\",\"publisher\":{\"@id\":\"https:\/\/yspertal.netzspinnerei.at\/#organization\"},\"potentialAction\":[{\"@type\":\"SearchAction\",\"target\":{\"@type\":\"EntryPoint\",\"urlTemplate\":\"https:\/\/yspertal.netzspinnerei.at\/?s={search_term_string}\"},\"query-input\":{\"@type\":\"PropertyValueSpecification\",\"valueRequired\":true,\"valueName\":\"search_term_string\"}}],\"inLanguage\":\"de\"},{\"@type\":\"Organization\",\"@id\":\"https:\/\/yspertal.netzspinnerei.at\/#organization\",\"name\":\"Pflegezentrum Yspertal\",\"url\":\"https:\/\/yspertal.netzspinnerei.at\/\",\"logo\":{\"@type\":\"ImageObject\",\"inLanguage\":\"de\",\"@id\":\"https:\/\/yspertal.netzspinnerei.at\/#\/schema\/logo\/image\/\",\"url\":\"https:\/\/pflegezentrum-yspertal.at\/wordpress\/wp-content\/uploads\/2023\/10\/Logo-Border.jpg\",\"contentUrl\":\"https:\/\/pflegezentrum-yspertal.at\/wordpress\/wp-content\/uploads\/2023\/10\/Logo-Border.jpg\",\"width\":787,\"height\":102,\"caption\":\"Pflegezentrum Yspertal\"},\"image\":{\"@id\":\"https:\/\/yspertal.netzspinnerei.at\/#\/schema\/logo\/image\/\"}}]}<\/script>\n<!-- \/ Yoast SEO plugin. -->","yoast_head_json":{"title":"Pflegemodell - Pflegezentrum Yspertal","robots":{"index":"index","follow":"follow","max-snippet":"max-snippet:-1","max-image-preview":"max-image-preview:large","max-video-preview":"max-video-preview:-1"},"canonical":"https:\/\/pflegezentrum-yspertal.at\/wordpress\/pflegemodell","og_locale":"de_DE","og_type":"article","og_title":"Pflegemodell - Pflegezentrum Yspertal","og_description":"Die Pflege findet grunds\u00e4tzlich in Anlehnung an das Pflegemodell der f\u00f6rdernden Prozesspflege von Monika Krohwinkel, welches speziell auf die Ressourcen und Gewohnheiten der Bewohnerinnen und Bewohner und ihrer \u00c4ngste und Sorgen eingeht, statt. Die Biographiearbeit spielt dabei eine wesentliche Rolle und wird gemeinsam von den Mitarbeiterinnen und Mitarbeitern der Pflege und der Seniorenbetreuung mit den ... Weiterlesen","og_url":"https:\/\/pflegezentrum-yspertal.at\/wordpress\/pflegemodell","og_site_name":"Pflegezentrum Yspertal","article_modified_time":"2024-02-23T14:15:25+00:00","og_image":[{"width":2560,"height":1707,"url":"https:\/\/pflegezentrum-yspertal.at\/wordpress\/wp-content\/uploads\/2024\/01\/Eindrucke_PBM-min_1_50-scaled.webp","type":"image\/webp"}],"twitter_card":"summary_large_image","twitter_misc":{"Gesch\u00e4tzte Lesezeit":"3\u00a0Minuten"},"schema":{"@context":"https:\/\/schema.org","@graph":[{"@type":"WebPage","@id":"https:\/\/pflegezentrum-yspertal.at\/wordpress\/pflegemodell","url":"https:\/\/pflegezentrum-yspertal.at\/wordpress\/pflegemodell","name":"Pflegemodell - Pflegezentrum Yspertal","isPartOf":{"@id":"https:\/\/yspertal.netzspinnerei.at\/#website"},"primaryImageOfPage":{"@id":"https:\/\/pflegezentrum-yspertal.at\/wordpress\/pflegemodell#primaryimage"},"image":{"@id":"https:\/\/pflegezentrum-yspertal.at\/wordpress\/pflegemodell#primaryimage"},"thumbnailUrl":"https:\/\/pflegezentrum-yspertal.at\/wordpress\/wp-content\/uploads\/2024\/01\/Eindrucke_PBM-min_1_50-scaled.webp","datePublished":"2016-01-05T11:39:47+00:00","dateModified":"2024-02-23T14:15:25+00:00","breadcrumb":{"@id":"https:\/\/pflegezentrum-yspertal.at\/wordpress\/pflegemodell#breadcrumb"},"inLanguage":"de","potentialAction":[{"@type":"ReadAction","target":["https:\/\/pflegezentrum-yspertal.at\/wordpress\/pflegemodell"]}]},{"@type":"ImageObject","inLanguage":"de","@id":"https:\/\/pflegezentrum-yspertal.at\/wordpress\/pflegemodell#primaryimage","url":"https:\/\/pflegezentrum-yspertal.at\/wordpress\/wp-content\/uploads\/2024\/01\/Eindrucke_PBM-min_1_50-scaled.webp","contentUrl":"https:\/\/pflegezentrum-yspertal.at\/wordpress\/wp-content\/uploads\/2024\/01\/Eindrucke_PBM-min_1_50-scaled.webp","width":2560,"height":1707},{"@type":"BreadcrumbList","@id":"https:\/\/pflegezentrum-yspertal.at\/wordpress\/pflegemodell#breadcrumb","itemListElement":[{"@type":"ListItem","position":1,"name":"Home","item":"https:\/\/pflegezentrum-yspertal.at\/wordpress\/"},{"@type":"ListItem","position":2,"name":"Pflegemodell"}]},{"@type":"WebSite","@id":"https:\/\/yspertal.netzspinnerei.at\/#website","url":"https:\/\/yspertal.netzspinnerei.at\/","name":"Pflegezentrum Yspertal","description":"","publisher":{"@id":"https:\/\/yspertal.netzspinnerei.at\/#organization"},"potentialAction":[{"@type":"SearchAction","target":{"@type":"EntryPoint","urlTemplate":"https:\/\/yspertal.netzspinnerei.at\/?s={search_term_string}"},"query-input":{"@type":"PropertyValueSpecification","valueRequired":true,"valueName":"search_term_string"}}],"inLanguage":"de"},{"@type":"Organization","@id":"https:\/\/yspertal.netzspinnerei.at\/#organization","name":"Pflegezentrum Yspertal","url":"https:\/\/yspertal.netzspinnerei.at\/","logo":{"@type":"ImageObject","inLanguage":"de","@id":"https:\/\/yspertal.netzspinnerei.at\/#\/schema\/logo\/image\/","url":"https:\/\/pflegezentrum-yspertal.at\/wordpress\/wp-content\/uploads\/2023\/10\/Logo-Border.jpg","contentUrl":"https:\/\/pflegezentrum-yspertal.at\/wordpress\/wp-content\/uploads\/2023\/10\/Logo-Border.jpg","width":787,"height":102,"caption":"Pflegezentrum Yspertal"},"image":{"@id":"https:\/\/yspertal.netzspinnerei.at\/#\/schema\/logo\/image\/"}}]}},"_links":{"self":[{"href":"https:\/\/pflegezentrum-yspertal.at\/wordpress\/wp-json\/wp\/v2\/pages\/362","targetHints":{"allow":["GET"]}}],"collection":[{"href":"https:\/\/pflegezentrum-yspertal.at\/wordpress\/wp-json\/wp\/v2\/pages"}],"about":[{"href":"https:\/\/pflegezentrum-yspertal.at\/wordpress\/wp-json\/wp\/v2\/types\/page"}],"author":[{"embeddable":true,"href":"https:\/\/pflegezentrum-yspertal.at\/wordpress\/wp-json\/wp\/v2\/users\/1"}],"replies":[{"embeddable":true,"href":"https:\/\/pflegezentrum-yspertal.at\/wordpress\/wp-json\/wp\/v2\/comments?post=362"}],"version-history":[{"count":7,"href":"https:\/\/pflegezentrum-yspertal.at\/wordpress\/wp-json\/wp\/v2\/pages\/362\/revisions"}],"predecessor-version":[{"id":7855,"href":"https:\/\/pflegezentrum-yspertal.at\/wordpress\/wp-json\/wp\/v2\/pages\/362\/revisions\/7855"}],"wp:featuredmedia":[{"embeddable":true,"href":"https:\/\/pflegezentrum-yspertal.at\/wordpress\/wp-json\/wp\/v2\/media\/7543"}],"wp:attachment":[{"href":"https:\/\/pflegezentrum-yspertal.at\/wordpress\/wp-json\/wp\/v2\/media?parent=362"}],"curies":[{"name":"wp","href":"https:\/\/api.w.org\/{rel}","templated":true}]}}