{"id":239,"date":"2013-03-04T14:32:15","date_gmt":"2013-03-04T14:32:15","guid":{"rendered":"http:\/\/healthpress.inspirythemes.com\/?page_id=239"},"modified":"2025-07-28T12:25:41","modified_gmt":"2025-07-28T12:25:41","slug":"ueber-uns","status":"publish","type":"page","link":"https:\/\/pflegezentrum-yspertal.at\/wordpress\/ueber-uns","title":{"rendered":"\u00dcber uns"},"content":{"rendered":"<div class=\"gb-container gb-container-91c2edb6\">\n<div class=\"gb-container gb-container-24b9e40c\">\n<h1 class=\"gb-headline gb-headline-ebdd2726 gb-headline-text\">Unser Leitbild<\/h1>\n<h2 class=\"gb-headline gb-headline-e0c33a7e gb-headline-text\"><strong>Mission<\/strong><\/h2>\n<p>Mit dem Grundsatz der N\u00e4chstenliebe betreuen und pflegen wir Menschen, unabh\u00e4ngig ihrer Herkunft, ihres Glaubens und ihrer Weltanschauung, die Unterst\u00fctzung bei der Bew\u00e4ltigung ihres Alltags ben\u00f6tigen. Wir leben unsere Beziehungen in gegenseitiger Wertsch\u00e4tzung als Basis f\u00fcr unser vertrauensvolles Miteinander und unsere offene Kommunikation, die von Respekt, Gerechtigkeit, Ehrlichkeit und Humor gekennzeichnet ist.<\/p>\n<p>Die Wirtschaftlichkeit zur Sicherstellung einer bestm\u00f6glichen Qualit\u00e4t erzielen wir durch einen sorgsamen Umgang mit den uns zur Verf\u00fcgung stehenden Ressourcen.<\/p>\n<p>Wir achten dabei darauf, nachfolgenden Generationen eine lebenswerte Umwelt zu hinterlassen.<\/p>\n<h2 class=\"gb-headline gb-headline-3803d40e gb-headline-text\"><strong>Vision<\/strong><\/h2>\n<p>Wir sind regional bekannt f\u00fcr unser qualit\u00e4tsvolles Leistungsangebot. Die Balance aus sozialer und fachlicher Kompetenz verbunden mit Selbstreflexion und Innovationsbereitschaft ist Voraussetzung f\u00fcr unsere authentische und professionelle F\u00fchrungsarbeit. Dabei beziehen wir uns auf unsere Werte Geduld, Konsequenz, Freude, Verl\u00e4sslichkeit und Achtsamkeit.<\/p>\n<p>Unsere Mitarbeiterinnen und Mitarbeiter \u00fcbernehmen verantwortungsvoll, ausdauernd und zielorientiert ihre Aufgaben. Freude am Lernen unter Beachtung der neuesten wissenschaftlichen Erkenntnisse und Ver\u00e4nderungsbereitschaft bilden die Basis f\u00fcr unsere kontinuierlich lernende Organisation. Aus einer ganzheitlichen Sicht betrachten und f\u00f6rdern wir die Gesundheit und Zufriedenheit unserer Mitarbeiterinnen und Mitarbeiter als Ausgangspunkt f\u00fcr die Erreichung einer bestm\u00f6glichen Zufriedenheit unserer Bewohnerinnen und Bewohner.<\/p>\n<p class=\"has-text-align-center\"><strong>\u201eAlles was wir sind und was wir werden, liegt in uns selbst\u201c.<\/strong><\/p>\n<\/div>\n<div class=\"gb-container gb-container-457fdc53\">\n<h2 class=\"gb-headline gb-headline-7a9738b8 gb-headline-text\">Pflegemodell<\/h2>\n<div class=\"wp-block-image\">\n<figure class=\"alignright size-large is-resized\"><img loading=\"lazy\" decoding=\"async\" width=\"1024\" height=\"683\" src=\"https:\/\/pflegezentrum-yspertal.at\/wordpress\/wp-content\/uploads\/2024\/01\/Eindrucke_PBM-min_1_50-1024x683.webp\" alt=\"\" class=\"wp-image-7543\" style=\"width:500px\" srcset=\"https:\/\/pflegezentrum-yspertal.at\/wordpress\/wp-content\/uploads\/2024\/01\/Eindrucke_PBM-min_1_50-1024x683.webp 1024w, https:\/\/pflegezentrum-yspertal.at\/wordpress\/wp-content\/uploads\/2024\/01\/Eindrucke_PBM-min_1_50-350x233.webp 350w, https:\/\/pflegezentrum-yspertal.at\/wordpress\/wp-content\/uploads\/2024\/01\/Eindrucke_PBM-min_1_50-768x512.webp 768w, https:\/\/pflegezentrum-yspertal.at\/wordpress\/wp-content\/uploads\/2024\/01\/Eindrucke_PBM-min_1_50-1536x1024.webp 1536w, https:\/\/pflegezentrum-yspertal.at\/wordpress\/wp-content\/uploads\/2024\/01\/Eindrucke_PBM-min_1_50-2048x1365.webp 2048w\" sizes=\"auto, (max-width: 1024px) 100vw, 1024px\" \/><\/figure>\n<\/div>\n<p>Die Pflege findet grunds\u00e4tzlich in Anlehnung an das Pflegemodell der f\u00f6rdernden Prozesspflege von Monika Krohwinkel, welches speziell auf die Ressourcen und Gewohnheiten der Bewohnerinnen und Bewohner und ihrer \u00c4ngste und Sorgen eingeht, statt.<\/p>\n<p>Die Biographiearbeit spielt dabei eine wesentliche Rolle und wird gemeinsam von den Mitarbeiterinnen und Mitarbeitern der Pflege und der Seniorenbetreuung mit den Bewohnerinnen und Bewohnern und deren Angeh\u00f6rigen erhoben. Diese Daten werden in der Pflege und Betreuung jedes Einzelnen ber\u00fccksichtigt.<\/p>\n<p>Die Pflege wird nach den Grundlagen des Pflegeprozesses ausgehend von der Anamnese geplant, durchgef\u00fchrt und evaluiert. Der Pflegeprozess ist eine Methode, mit der die Pflege jedes Einzelnen, seinen individuellen Bed\u00fcrfnissen entsprechend und unter Miteinbeziehung seiner Ressourcen, systematisch, im Sinne der ganzheitlichen Pflege, geplant durchgef\u00fchrt werden kann und das Ziel der Lebensqualit\u00e4t nicht au\u00dfer Acht l\u00e4sst. Dazu sind im Zusammenhang mit E-Qalin\u00ae (<em>Verlinkung zu \u201eZertifizierungen<\/em>) eigene Qualit\u00e4tskriterien definiert, die auch die Grundlage f\u00fcr das NQZ (<em>Verlinkung zu \u201eZertifizierungen)<\/em> bilden.<\/p>\n<p>Der Pflegeprozess stellt eine wichtige Grundlage f\u00fcr professionelle Pflege dar. Ein weiterer wichtiger Aspekt ist die Nachvollziehbarkeit der Pflege- und Betreuungsma\u00dfnahmen. Die Dokumentation des gesamten Prozesses wird mit dem EDV-System TransDok durchgef\u00fchrt.<\/p>\n<p>Das Pflegesystem ist in Form einer Gruppenpflege organisiert.<\/p>\n<p>Regelm\u00e4\u00dfig finden interdisziplin\u00e4re Fallbesprechungen statt. Weiters bedarf es der engen Zusammenarbeit zwischen Pflege und Seniorenbetreuung, da jede Berufsgruppe einen wertvollen Aspekt bei der Betreuung der Bewohnerinnen und Bewohner beisteuert.<\/p>\n<p>Neben den regelm\u00e4\u00dfigen Visiten mit den betreuenden Haus\u00e4rztinnen und Haus\u00e4rzten werden regelm\u00e4\u00dfig fach\u00e4rztliche neurologische\/psychiatrische Visiten mit der Fach\u00e4rztin, dem Facharzt und dem Pflege- und Betreuungsmanagement gemeinsam durchgef\u00fchrt. Einmal w\u00f6chentlich verschafft sich das Pflege- und Betreuungsmanagement bei einem pers\u00f6nlichen Besuch einen \u00dcberblick \u00fcber jede Bewohnerin und jeden Bewohner samt zugeh\u00f6riger Dokumentation der Eindr\u00fccke im TransDok.<\/p>\n<p>Pflegepersonal und Seniorenbetreuung unterst\u00fctzen sich gegenseitig und teilen die Betreuung je nach Ressourcen untereinander auf. Dies tr\u00e4gt zu einem guten Arbeitsklima bei und wirkt sich wiederum positiv auf die Bewohnerinnen und Bewohner aus.<\/p>\n<p>Krohwinkel nennt die 13 ABEDL`S, die untereinander in Wechselbeziehung stehen, aber keiner Hierarchie unterliegen. Um den Menschen ganzheitlich zu sehen, muss neben der jeweils einzelnen Betrachtung jedes ABEDL`S auch ihre Auswirkung auf die anderen Bereiche ber\u00fccksichtigt werden.<\/p>\n<p>Die Pflege und Betreuung in unserer Einrichtung ist gepr\u00e4gt von der Achtung des Menschen als eigenst\u00e4ndige und eigenverantwortliche Pers\u00f6nlichkeit und dessen Selbstbestimmtheit. Der Mensch mit seiner Geschichte und seinen Bed\u00fcrfnissen ist f\u00fcr uns der Ausgangspunkt aller gesetzten Ma\u00dfnahmen.<\/p>\n<\/div>\n<div class=\"gb-container gb-container-c0243842 ueberuns-dankesschreiben\" id=\"dankesschreiben\">\n<h2 class=\"gb-headline gb-headline-68a35033 gb-headline-text\">Worte der Verbundenheit<\/h2>\n<div class=\"wpv-view-output\" data-toolset-views-view-editor=\"d04a7801391f3fc43c420d68145854c2\"><div class=\"wp-block-toolset-views-view-editor\"><div id=\"wpv-view-layout-6961\" class=\"js-wpv-view-layout js-wpv-layout-responsive js-wpv-view-layout-6961 wpv-pagination js-wpv-layout-has-pagination wpv-pagination-preload-images js-wpv-layout-preload-images wpv-pagination-preload-pages js-wpv-layout-preload-pages\" style=\"visibility:hidden;\" data-viewnumber=\"6961\" data-pagination=\"{&quot;id&quot;:&quot;6961&quot;,&quot;query&quot;:&quot;normal&quot;,&quot;type&quot;:&quot;ajaxed&quot;,&quot;effect&quot;:&quot;fade&quot;,&quot;duration&quot;:500,&quot;speed&quot;:5,&quot;pause_on_hover&quot;:&quot;disabled&quot;,&quot;stop_rollover&quot;:&quot;false&quot;,&quot;cache_pages&quot;:&quot;enabled&quot;,&quot;preload_images&quot;:&quot;enabled&quot;,&quot;preload_pages&quot;:&quot;enabled&quot;,&quot;preload_reach&quot;:1,&quot;spinner&quot;:&quot;builtin&quot;,&quot;spinner_image&quot;:&quot;https:\/\/pflegezentrum-yspertal.at\/wordpress\/wp-content\/plugins\/toolset-blocks\/embedded\/res\/img\/ajax-loader2.svg&quot;,&quot;callback_next&quot;:&quot;&quot;,&quot;manage_history&quot;:&quot;enabled&quot;,&quot;has_controls_in_form&quot;:&quot;disabled&quot;,&quot;infinite_tolerance&quot;:&quot;0&quot;,&quot;max_pages&quot;:7,&quot;page&quot;:1,&quot;base_permalink&quot;:&quot;\/wordpress\/wp-json\/wp\/v2\/pages\/239?wpv_view_count=6961&amp;wpv_paged=WPV_PAGE_NUM&quot;,&quot;loop&quot;:{&quot;type&quot;:&quot;&quot;,&quot;name&quot;:&quot;&quot;,&quot;data&quot;:[],&quot;id&quot;:0}}\" data-permalink=\"\/wordpress\/wp-json\/wp\/v2\/pages\/239?wpv_view_count=6961\">\n<div class=\"js-wpv-loop-wrapper\">\n<div class=\"wp-block-toolset-views-view-template-block wpv-block-loop-item php-to-be-replaced-with-shortcode\" data-toolset-views-view-template-block=\"9e1894310175829c7929c6a7d9855439\"><div class=\"gb-container gb-container-f05849ad\">\n\n<div class=\"tb-field zitat-text\" data-toolset-blocks-field=\"8e2ce12a49a409ed3bc5b451cdb26638\" data-last-update=\"1.4\">\n<figure class=\"wp-block-image size-large\"><img loading=\"lazy\" decoding=\"async\" width=\"803\" height=\"1024\" src=\"https:\/\/pflegezentrum-yspertal.at\/wordpress\/wp-content\/uploads\/2024\/08\/doc05381720240723092547-803x1024.jpg\" alt=\"\" class=\"wp-image-8425\" srcset=\"https:\/\/pflegezentrum-yspertal.at\/wordpress\/wp-content\/uploads\/2024\/08\/doc05381720240723092547-803x1024.jpg 803w, https:\/\/pflegezentrum-yspertal.at\/wordpress\/wp-content\/uploads\/2024\/08\/doc05381720240723092547-275x350.jpg 275w, https:\/\/pflegezentrum-yspertal.at\/wordpress\/wp-content\/uploads\/2024\/08\/doc05381720240723092547-768x979.jpg 768w, https:\/\/pflegezentrum-yspertal.at\/wordpress\/wp-content\/uploads\/2024\/08\/doc05381720240723092547-1205x1536.jpg 1205w, https:\/\/pflegezentrum-yspertal.at\/wordpress\/wp-content\/uploads\/2024\/08\/doc05381720240723092547-1607x2048.jpg 1607w, https:\/\/pflegezentrum-yspertal.at\/wordpress\/wp-content\/uploads\/2024\/08\/doc05381720240723092547.jpg 1992w\" sizes=\"auto, (max-width: 803px) 100vw, 803px\" \/><\/figure>\n<\/div>\n\n<\/div><\/div>\n<\/div>\n\n<div class=\"gb-container gb-container-1cd639f8\">\n\n<div class=\"wpv-pagination-previous-next-buttons\" data-toolset-views-view-pagination-block=\"1ed7c46b4f0d1f5bdc1c1d542692a860\"><a class=\"wpv-filter-next-link js-wpv-pagination-next-link page-link \"  href=\"\/wordpress\/wp-json\/wp\/v2\/pages\/239?wpv_view_count=6961&#038;wpv_paged=2\"\n\t\t\t\t\tdata-viewnumber=\"6961\" data-page=\"2\"><span class=\"next-text\">weiter<\/span><\/a><\/div>\n\n<\/div><\/div><\/div><form autocomplete=\"off\" name=\"wpv-filter-6961\" action=\"\/wordpress\/wp-json\/wp\/v2\/pages\/239?wpv_view_count=6961\" method=\"get\" class=\"wpv-filter-form js-wpv-filter-form js-wpv-filter-form-6961 js-wpv-form-full\" data-viewnumber=\"6961\" data-viewid=\"6961\" data-viewhash=\"eyJuYW1lIjoidGVzdGltb25pYWxzLXZpZXcifQ==\" data-viewwidgetid=\"0\" data-orderby=\"\" data-order=\"\" data-orderbyas=\"\" data-orderbysecond=\"\" data-ordersecond=\"\" data-parametric=\"{&quot;query&quot;:&quot;normal&quot;,&quot;id&quot;:&quot;6961&quot;,&quot;view_id&quot;:&quot;6961&quot;,&quot;widget_id&quot;:0,&quot;view_hash&quot;:&quot;6961&quot;,&quot;action&quot;:&quot;\\\/wordpress\\\/wp-json\\\/wp\\\/v2\\\/pages\\\/239?wpv_view_count=6961&quot;,&quot;sort&quot;:{&quot;orderby&quot;:&quot;&quot;,&quot;order&quot;:&quot;&quot;,&quot;orderby_as&quot;:&quot;&quot;,&quot;orderby_second&quot;:&quot;&quot;,&quot;order_second&quot;:&quot;&quot;},&quot;orderby&quot;:&quot;&quot;,&quot;order&quot;:&quot;&quot;,&quot;orderby_as&quot;:&quot;&quot;,&quot;orderby_second&quot;:&quot;&quot;,&quot;order_second&quot;:&quot;&quot;,&quot;ajax_form&quot;:&quot;&quot;,&quot;ajax_results&quot;:&quot;&quot;,&quot;effect&quot;:&quot;fade&quot;,&quot;prebefore&quot;:&quot;&quot;,&quot;before&quot;:&quot;&quot;,&quot;after&quot;:&quot;&quot;,&quot;attributes&quot;:[],&quot;environment&quot;:{&quot;current_post_id&quot;:239,&quot;parent_post_id&quot;:239,&quot;parent_term_id&quot;:0,&quot;parent_user_id&quot;:0,&quot;archive&quot;:{&quot;type&quot;:&quot;&quot;,&quot;name&quot;:&quot;&quot;,&quot;data&quot;:[]}},&quot;loop&quot;:{&quot;type&quot;:&quot;&quot;,&quot;name&quot;:&quot;&quot;,&quot;data&quot;:[],&quot;id&quot;:0}}\" data-attributes=\"[]\" data-environment=\"{&quot;current_post_id&quot;:239,&quot;parent_post_id&quot;:239,&quot;parent_term_id&quot;:0,&quot;parent_user_id&quot;:0,&quot;archive&quot;:{&quot;type&quot;:&quot;&quot;,&quot;name&quot;:&quot;&quot;,&quot;data&quot;:[]}}\"><input type=\"hidden\" class=\"js-wpv-dps-filter-data js-wpv-filter-data-for-this-form\" data-action=\"\/wordpress\/wp-json\/wp\/v2\/pages\/239?wpv_view_count=6961\" data-page=\"1\" data-ajax=\"disable\" data-effect=\"fade\" data-maxpages=\"7\" data-ajaxprebefore=\"\" data-ajaxbefore=\"\" data-ajaxafter=\"\" \/><input class=\"wpv_view_count wpv_view_count-6961\" type=\"hidden\" name=\"wpv_view_count\" value=\"6961\" \/>\n\n<\/form><\/div>\n<\/div>\n<\/div>\n","protected":false},"excerpt":{"rendered":"<p>Unser Leitbild Mission Mit dem Grundsatz der N\u00e4chstenliebe betreuen und pflegen wir Menschen, unabh\u00e4ngig ihrer Herkunft, ihres Glaubens und ihrer Weltanschauung, die Unterst\u00fctzung bei der Bew\u00e4ltigung ihres Alltags ben\u00f6tigen. Wir leben unsere Beziehungen in gegenseitiger Wertsch\u00e4tzung als Basis f\u00fcr unser vertrauensvolles Miteinander und unsere offene Kommunikation, die von Respekt, Gerechtigkeit, Ehrlichkeit und Humor gekennzeichnet ist. &#8230; <a title=\"\u00dcber uns\" class=\"read-more\" href=\"https:\/\/pflegezentrum-yspertal.at\/wordpress\/ueber-uns\" aria-label=\"Mehr Informationen \u00fcber \u00dcber uns\">Weiterlesen<\/a><\/p>\n","protected":false},"author":1,"featured_media":0,"parent":0,"menu_order":0,"comment_status":"closed","ping_status":"closed","template":"","meta":{"inline_featured_image":false,"footnotes":""},"class_list":["post-239","page","type-page","status-publish"],"yoast_head":"<!-- This site is optimized with the Yoast SEO plugin v27.5 - https:\/\/yoast.com\/product\/yoast-seo-wordpress\/ -->\n<title>\u00dcber uns - Pflegezentrum Yspertal<\/title>\n<meta name=\"robots\" content=\"index, follow, max-snippet:-1, max-image-preview:large, max-video-preview:-1\" \/>\n<link rel=\"canonical\" href=\"https:\/\/pflegezentrum-yspertal.at\/wordpress\/ueber-uns\" \/>\n<meta property=\"og:locale\" content=\"de_DE\" \/>\n<meta property=\"og:type\" content=\"article\" \/>\n<meta property=\"og:title\" content=\"\u00dcber uns - Pflegezentrum Yspertal\" \/>\n<meta property=\"og:description\" content=\"Unser Leitbild Mission Mit dem Grundsatz der N\u00e4chstenliebe betreuen und pflegen wir Menschen, unabh\u00e4ngig ihrer Herkunft, ihres Glaubens und ihrer Weltanschauung, die Unterst\u00fctzung bei der Bew\u00e4ltigung ihres Alltags ben\u00f6tigen. Wir leben unsere Beziehungen in gegenseitiger Wertsch\u00e4tzung als Basis f\u00fcr unser vertrauensvolles Miteinander und unsere offene Kommunikation, die von Respekt, Gerechtigkeit, Ehrlichkeit und Humor gekennzeichnet ist. ... Weiterlesen\" \/>\n<meta property=\"og:url\" content=\"https:\/\/pflegezentrum-yspertal.at\/wordpress\/ueber-uns\" \/>\n<meta property=\"og:site_name\" content=\"Pflegezentrum Yspertal\" \/>\n<meta property=\"article:modified_time\" content=\"2025-07-28T12:25:41+00:00\" \/>\n<meta property=\"og:image\" content=\"https:\/\/pflegezentrum-yspertal.at\/wordpress\/wp-content\/uploads\/2024\/01\/Eindrucke_PBM-min_1_50-scaled.webp\" \/>\n\t<meta property=\"og:image:width\" content=\"2560\" \/>\n\t<meta property=\"og:image:height\" content=\"1707\" \/>\n\t<meta property=\"og:image:type\" content=\"image\/webp\" \/>\n<meta name=\"twitter:card\" content=\"summary_large_image\" \/>\n<meta name=\"twitter:label1\" content=\"Gesch\u00e4tzte Lesezeit\" \/>\n\t<meta name=\"twitter:data1\" content=\"4\u00a0Minuten\" \/>\n<script type=\"application\/ld+json\" class=\"yoast-schema-graph\">{\"@context\":\"https:\\\/\\\/schema.org\",\"@graph\":[{\"@type\":\"WebPage\",\"@id\":\"https:\\\/\\\/pflegezentrum-yspertal.at\\\/wordpress\\\/ueber-uns\",\"url\":\"https:\\\/\\\/pflegezentrum-yspertal.at\\\/wordpress\\\/ueber-uns\",\"name\":\"\u00dcber uns - Pflegezentrum Yspertal\",\"isPartOf\":{\"@id\":\"https:\\\/\\\/yspertal.netzspinnerei.at\\\/#website\"},\"primaryImageOfPage\":{\"@id\":\"https:\\\/\\\/pflegezentrum-yspertal.at\\\/wordpress\\\/ueber-uns#primaryimage\"},\"image\":{\"@id\":\"https:\\\/\\\/pflegezentrum-yspertal.at\\\/wordpress\\\/ueber-uns#primaryimage\"},\"thumbnailUrl\":\"https:\\\/\\\/pflegezentrum-yspertal.at\\\/wordpress\\\/wp-content\\\/uploads\\\/2024\\\/01\\\/Eindrucke_PBM-min_1_50-1024x683.webp\",\"datePublished\":\"2013-03-04T14:32:15+00:00\",\"dateModified\":\"2025-07-28T12:25:41+00:00\",\"breadcrumb\":{\"@id\":\"https:\\\/\\\/pflegezentrum-yspertal.at\\\/wordpress\\\/ueber-uns#breadcrumb\"},\"inLanguage\":\"de\",\"potentialAction\":[{\"@type\":\"ReadAction\",\"target\":[\"https:\\\/\\\/pflegezentrum-yspertal.at\\\/wordpress\\\/ueber-uns\"]}]},{\"@type\":\"ImageObject\",\"inLanguage\":\"de\",\"@id\":\"https:\\\/\\\/pflegezentrum-yspertal.at\\\/wordpress\\\/ueber-uns#primaryimage\",\"url\":\"https:\\\/\\\/pflegezentrum-yspertal.at\\\/wordpress\\\/wp-content\\\/uploads\\\/2024\\\/01\\\/Eindrucke_PBM-min_1_50-1024x683.webp\",\"contentUrl\":\"https:\\\/\\\/pflegezentrum-yspertal.at\\\/wordpress\\\/wp-content\\\/uploads\\\/2024\\\/01\\\/Eindrucke_PBM-min_1_50-1024x683.webp\"},{\"@type\":\"BreadcrumbList\",\"@id\":\"https:\\\/\\\/pflegezentrum-yspertal.at\\\/wordpress\\\/ueber-uns#breadcrumb\",\"itemListElement\":[{\"@type\":\"ListItem\",\"position\":1,\"name\":\"Home\",\"item\":\"https:\\\/\\\/pflegezentrum-yspertal.at\\\/wordpress\\\/\"},{\"@type\":\"ListItem\",\"position\":2,\"name\":\"\u00dcber uns\"}]},{\"@type\":\"WebSite\",\"@id\":\"https:\\\/\\\/yspertal.netzspinnerei.at\\\/#website\",\"url\":\"https:\\\/\\\/yspertal.netzspinnerei.at\\\/\",\"name\":\"Pflegezentrum Yspertal\",\"description\":\"\",\"publisher\":{\"@id\":\"https:\\\/\\\/yspertal.netzspinnerei.at\\\/#organization\"},\"potentialAction\":[{\"@type\":\"SearchAction\",\"target\":{\"@type\":\"EntryPoint\",\"urlTemplate\":\"https:\\\/\\\/yspertal.netzspinnerei.at\\\/?s={search_term_string}\"},\"query-input\":{\"@type\":\"PropertyValueSpecification\",\"valueRequired\":true,\"valueName\":\"search_term_string\"}}],\"inLanguage\":\"de\"},{\"@type\":\"Organization\",\"@id\":\"https:\\\/\\\/yspertal.netzspinnerei.at\\\/#organization\",\"name\":\"Pflegezentrum Yspertal\",\"url\":\"https:\\\/\\\/yspertal.netzspinnerei.at\\\/\",\"logo\":{\"@type\":\"ImageObject\",\"inLanguage\":\"de\",\"@id\":\"https:\\\/\\\/yspertal.netzspinnerei.at\\\/#\\\/schema\\\/logo\\\/image\\\/\",\"url\":\"https:\\\/\\\/pflegezentrum-yspertal.at\\\/wordpress\\\/wp-content\\\/uploads\\\/2023\\\/10\\\/Logo-Border.jpg\",\"contentUrl\":\"https:\\\/\\\/pflegezentrum-yspertal.at\\\/wordpress\\\/wp-content\\\/uploads\\\/2023\\\/10\\\/Logo-Border.jpg\",\"width\":787,\"height\":102,\"caption\":\"Pflegezentrum Yspertal\"},\"image\":{\"@id\":\"https:\\\/\\\/yspertal.netzspinnerei.at\\\/#\\\/schema\\\/logo\\\/image\\\/\"}}]}<\/script>\n<!-- \/ Yoast SEO plugin. -->","yoast_head_json":{"title":"\u00dcber uns - Pflegezentrum Yspertal","robots":{"index":"index","follow":"follow","max-snippet":"max-snippet:-1","max-image-preview":"max-image-preview:large","max-video-preview":"max-video-preview:-1"},"canonical":"https:\/\/pflegezentrum-yspertal.at\/wordpress\/ueber-uns","og_locale":"de_DE","og_type":"article","og_title":"\u00dcber uns - Pflegezentrum Yspertal","og_description":"Unser Leitbild Mission Mit dem Grundsatz der N\u00e4chstenliebe betreuen und pflegen wir Menschen, unabh\u00e4ngig ihrer Herkunft, ihres Glaubens und ihrer Weltanschauung, die Unterst\u00fctzung bei der Bew\u00e4ltigung ihres Alltags ben\u00f6tigen. Wir leben unsere Beziehungen in gegenseitiger Wertsch\u00e4tzung als Basis f\u00fcr unser vertrauensvolles Miteinander und unsere offene Kommunikation, die von Respekt, Gerechtigkeit, Ehrlichkeit und Humor gekennzeichnet ist. ... Weiterlesen","og_url":"https:\/\/pflegezentrum-yspertal.at\/wordpress\/ueber-uns","og_site_name":"Pflegezentrum Yspertal","article_modified_time":"2025-07-28T12:25:41+00:00","og_image":[{"width":2560,"height":1707,"url":"https:\/\/pflegezentrum-yspertal.at\/wordpress\/wp-content\/uploads\/2024\/01\/Eindrucke_PBM-min_1_50-scaled.webp","type":"image\/webp"}],"twitter_card":"summary_large_image","twitter_misc":{"Gesch\u00e4tzte Lesezeit":"4\u00a0Minuten"},"schema":{"@context":"https:\/\/schema.org","@graph":[{"@type":"WebPage","@id":"https:\/\/pflegezentrum-yspertal.at\/wordpress\/ueber-uns","url":"https:\/\/pflegezentrum-yspertal.at\/wordpress\/ueber-uns","name":"\u00dcber uns - Pflegezentrum Yspertal","isPartOf":{"@id":"https:\/\/yspertal.netzspinnerei.at\/#website"},"primaryImageOfPage":{"@id":"https:\/\/pflegezentrum-yspertal.at\/wordpress\/ueber-uns#primaryimage"},"image":{"@id":"https:\/\/pflegezentrum-yspertal.at\/wordpress\/ueber-uns#primaryimage"},"thumbnailUrl":"https:\/\/pflegezentrum-yspertal.at\/wordpress\/wp-content\/uploads\/2024\/01\/Eindrucke_PBM-min_1_50-1024x683.webp","datePublished":"2013-03-04T14:32:15+00:00","dateModified":"2025-07-28T12:25:41+00:00","breadcrumb":{"@id":"https:\/\/pflegezentrum-yspertal.at\/wordpress\/ueber-uns#breadcrumb"},"inLanguage":"de","potentialAction":[{"@type":"ReadAction","target":["https:\/\/pflegezentrum-yspertal.at\/wordpress\/ueber-uns"]}]},{"@type":"ImageObject","inLanguage":"de","@id":"https:\/\/pflegezentrum-yspertal.at\/wordpress\/ueber-uns#primaryimage","url":"https:\/\/pflegezentrum-yspertal.at\/wordpress\/wp-content\/uploads\/2024\/01\/Eindrucke_PBM-min_1_50-1024x683.webp","contentUrl":"https:\/\/pflegezentrum-yspertal.at\/wordpress\/wp-content\/uploads\/2024\/01\/Eindrucke_PBM-min_1_50-1024x683.webp"},{"@type":"BreadcrumbList","@id":"https:\/\/pflegezentrum-yspertal.at\/wordpress\/ueber-uns#breadcrumb","itemListElement":[{"@type":"ListItem","position":1,"name":"Home","item":"https:\/\/pflegezentrum-yspertal.at\/wordpress\/"},{"@type":"ListItem","position":2,"name":"\u00dcber uns"}]},{"@type":"WebSite","@id":"https:\/\/yspertal.netzspinnerei.at\/#website","url":"https:\/\/yspertal.netzspinnerei.at\/","name":"Pflegezentrum Yspertal","description":"","publisher":{"@id":"https:\/\/yspertal.netzspinnerei.at\/#organization"},"potentialAction":[{"@type":"SearchAction","target":{"@type":"EntryPoint","urlTemplate":"https:\/\/yspertal.netzspinnerei.at\/?s={search_term_string}"},"query-input":{"@type":"PropertyValueSpecification","valueRequired":true,"valueName":"search_term_string"}}],"inLanguage":"de"},{"@type":"Organization","@id":"https:\/\/yspertal.netzspinnerei.at\/#organization","name":"Pflegezentrum Yspertal","url":"https:\/\/yspertal.netzspinnerei.at\/","logo":{"@type":"ImageObject","inLanguage":"de","@id":"https:\/\/yspertal.netzspinnerei.at\/#\/schema\/logo\/image\/","url":"https:\/\/pflegezentrum-yspertal.at\/wordpress\/wp-content\/uploads\/2023\/10\/Logo-Border.jpg","contentUrl":"https:\/\/pflegezentrum-yspertal.at\/wordpress\/wp-content\/uploads\/2023\/10\/Logo-Border.jpg","width":787,"height":102,"caption":"Pflegezentrum Yspertal"},"image":{"@id":"https:\/\/yspertal.netzspinnerei.at\/#\/schema\/logo\/image\/"}}]}},"_links":{"self":[{"href":"https:\/\/pflegezentrum-yspertal.at\/wordpress\/wp-json\/wp\/v2\/pages\/239","targetHints":{"allow":["GET"]}}],"collection":[{"href":"https:\/\/pflegezentrum-yspertal.at\/wordpress\/wp-json\/wp\/v2\/pages"}],"about":[{"href":"https:\/\/pflegezentrum-yspertal.at\/wordpress\/wp-json\/wp\/v2\/types\/page"}],"author":[{"embeddable":true,"href":"https:\/\/pflegezentrum-yspertal.at\/wordpress\/wp-json\/wp\/v2\/users\/1"}],"replies":[{"embeddable":true,"href":"https:\/\/pflegezentrum-yspertal.at\/wordpress\/wp-json\/wp\/v2\/comments?post=239"}],"version-history":[{"count":104,"href":"https:\/\/pflegezentrum-yspertal.at\/wordpress\/wp-json\/wp\/v2\/pages\/239\/revisions"}],"predecessor-version":[{"id":10233,"href":"https:\/\/pflegezentrum-yspertal.at\/wordpress\/wp-json\/wp\/v2\/pages\/239\/revisions\/10233"}],"wp:attachment":[{"href":"https:\/\/pflegezentrum-yspertal.at\/wordpress\/wp-json\/wp\/v2\/media?parent=239"}],"curies":[{"name":"wp","href":"https:\/\/api.w.org\/{rel}","templated":true}]}}